{"id":22,"date":"2026-03-28T10:34:51","date_gmt":"2026-03-28T10:34:51","guid":{"rendered":"https:\/\/test.test\/?page_id=22"},"modified":"2026-04-22T20:26:19","modified_gmt":"2026-04-22T13:26:19","slug":"tu-van-visa","status":"publish","type":"page","link":"https:\/\/vpsglobal.vn\/travel\/tu-van-visa\/","title":{"rendered":"T\u01b0 v\u1ea5n Visa"},"content":{"rendered":"\t\t<div data-elementor-type=\"wp-page\" data-elementor-id=\"22\" class=\"elementor elementor-22\" data-elementor-post-type=\"page\">\n\t\t\t\t<div class=\"elementor-element elementor-element-8a408e7 e-con-full e-flex e-con e-parent\" data-id=\"8a408e7\" data-element_type=\"container\" data-e-type=\"container\">\n\t\t\t\t<div class=\"elementor-element elementor-element-d9fac65 elementor-widget elementor-widget-shortcode\" data-id=\"d9fac65\" data-element_type=\"widget\" data-e-type=\"widget\" data-widget_type=\"shortcode.default\">\n\t\t\t\t\t\t\t<div class=\"elementor-shortcode\">        <div class=\"gp-gallery-wrapper gp-layout-grid gp-fit-cover\"\n             id=\"gp_1125_1\"\n             style=\"--gp-gap:0px; --gp-col-d:1; --gp-col-t:1; --gp-col-m:1; --gp-h-d:400px; --gp-h-t:250px; --gp-h-m:200px; --gp-radius:0px; --gp-t-fs-d:16px; --gp-t-fs-t:15px; --gp-t-fs-m:14px; --gp-t-fw:600; --gp-t-lh:1.5; --gp-t-tt:none; --gp-t-color:#ffffff; --gp-t-bg:linear-gradient(to top, rgba(0,0,0,0.85) 0%, rgba(0,0,0,0) 100%);\"\n             data-settings=\"{&quot;col_d&quot;:1,&quot;col_t&quot;:1,&quot;col_m&quot;:1,&quot;gap&quot;:0,&quot;autoplay&quot;:&quot;off&quot;,&quot;autoplay_speed&quot;:4000,&quot;effect&quot;:&quot;slide&quot;}\">\n                            <div class=\"gp-inner\">\n                    <div class=\"gp-gallery-item\"><div class=\"gp-media-wrap\" style=\"position:relative;width:100%;border-radius:var(--gp-radius);overflow:hidden;transform:translateZ(0);\"><img decoding=\"async\" src=\"https:\/\/vpsglobal.vn\/travel\/wp-content\/uploads\/2026\/04\/tu-van-visa-scaled.webp\" alt=\"tu van visa\" class=\"gp-media\" loading=\"lazy\" style=\"width:100%;height:100%;\"><\/div><\/div>                <\/div>\n                    <\/div>\n        <\/div>\n\t\t\t\t\t\t<\/div>\n\t\t\t\t<\/div>\n\t\t<div class=\"elementor-element elementor-element-e6604b3 e-flex e-con-boxed e-con e-parent\" data-id=\"e6604b3\" data-element_type=\"container\" data-e-type=\"container\" data-settings=\"{&quot;background_background&quot;:&quot;classic&quot;}\">\n\t\t\t\t\t<div class=\"e-con-inner\">\n\t\t\t\t<div class=\"elementor-element elementor-element-0167fc7 breadcum elementor-widget elementor-widget-shortcode\" data-id=\"0167fc7\" data-element_type=\"widget\" data-e-type=\"widget\" data-widget_type=\"shortcode.default\">\n\t\t\t\t\t\t\t<div class=\"elementor-shortcode\"><nav aria-label=\"breadcrumbs\" class=\"rank-math-breadcrumb\"><p><span class=\"last\">Trang ch\u1ee7<\/span><\/p><\/nav><\/div>\n\t\t\t\t\t\t<\/div>\n\t\t\t\t\t<\/div>\n\t\t\t\t<\/div>\n\t\t<div class=\"elementor-element elementor-element-d7cb360 e-flex e-con-boxed e-con e-parent\" data-id=\"d7cb360\" data-element_type=\"container\" data-e-type=\"container\" data-settings=\"{&quot;background_background&quot;:&quot;classic&quot;}\">\n\t\t\t\t\t<div class=\"e-con-inner\">\n\t\t<div class=\"elementor-element elementor-element-bf6c272 e-con-full e-flex e-con e-child\" data-id=\"bf6c272\" data-element_type=\"container\" data-e-type=\"container\" data-settings=\"{&quot;background_background&quot;:&quot;classic&quot;}\">\n\t\t\t\t<div class=\"elementor-element elementor-element-029eb5c elementor-widget-mobile__width-inherit elementor-widget elementor-widget-heading\" data-id=\"029eb5c\" data-element_type=\"widget\" data-e-type=\"widget\" data-widget_type=\"heading.default\">\n\t\t\t\t\t<h2 class=\"elementor-heading-title elementor-size-default\">VPS Global: Hi\u1ec7n Th\u1ef1c H\u00f3a Gi\u1ea5c M\u01a1 Visa To\u00e0n C\u1ea7u<\/h2>\t\t\t\t<\/div>\n\t\t\t\t<div class=\"elementor-element elementor-element-690007a content elementor-widget elementor-widget-text-editor\" data-id=\"690007a\" data-element_type=\"widget\" data-e-type=\"widget\" data-widget_type=\"text-editor.default\">\n\t\t\t\t\t\t\t\t\t<p data-start=\"45\" data-end=\"185\">VPS Global t\u1ef1 h\u00e0o l\u00e0 chuy\u00ean gia h\u00e0ng \u0111\u1ea7u trong l\u0129nh v\u1ef1c visa M\u1ef9, Canada, \u00dac, Anh v\u00e0 Ch\u00e2u \u00c2u. V\u1edbi \u0111\u1ed9i ng\u0169 t\u01b0 v\u1ea5n t\u1eadn t\u00e2m v\u00e0 tr\u00ean 10 n\u0103m kinh nghi\u1ec7m, ch\u00fang t\u00f4i cam k\u1ebft th\u1ea9m \u0111\u1ecbnh h\u1ed3 s\u01a1 ch\u00ednh x\u00e1c, t\u1ed1i \u01b0u h\u00f3a \u0111i\u1ec3m m\u1ea1nh \u0111\u1ec3 \u0111\u1ea3m b\u1ea3o t\u1ef7 l\u1ec7 \u0111\u1eadu cao nh\u1ea5t. \u0110\u1ebfn v\u1edbi VPS Global, m\u1ecdi h\u00e0nh tr\u00ecnh c\u1ee7a b\u1ea1n \u0111\u1ec1u tr\u1edf n\u00ean d\u1ec5 d\u00e0ng v\u00e0 an t\u00e2m tuy\u1ec7t \u0111\u1ed1i.<\/p>\t\t\t\t\t\t\t\t<\/div>\n\t\t\t\t<div class=\"elementor-element elementor-element-f42fc7a elementor-widget elementor-widget-button\" data-id=\"f42fc7a\" data-element_type=\"widget\" data-e-type=\"widget\" data-widget_type=\"button.default\">\n\t\t\t\t\t\t\t\t\t\t<a class=\"elementor-button elementor-button-link elementor-size-sm\" href=\"#visa\">\n\t\t\t\t\t\t<span class=\"elementor-button-content-wrapper\">\n\t\t\t\t\t\t<span class=\"elementor-button-icon\">\n\t\t\t\t<svg xmlns=\"http:\/\/www.w3.org\/2000\/svg\" width=\"800px\" height=\"800px\" viewBox=\"0 0 24 24\" fill=\"currentColor\" stroke=\"currentColor\" stroke-width=\"1\" stroke-linecap=\"round\" stroke-linejoin=\"miter\"><polyline points=\"13 17 18 12 13 7\"><\/polyline><line x1=\"6\" y1=\"12\" x2=\"18\" y2=\"12\"><\/line><\/svg>\t\t\t<\/span>\n\t\t\t\t\t\t\t\t\t<span class=\"elementor-button-text\">Li\u00ean h\u1ec7 t\u01b0 v\u1ea5n<\/span>\n\t\t\t\t\t<\/span>\n\t\t\t\t\t<\/a>\n\t\t\t\t\t\t\t\t<\/div>\n\t\t\t\t<\/div>\n\t\t<div class=\"elementor-element elementor-element-d1f40ec e-con-full e-flex e-con e-child\" data-id=\"d1f40ec\" data-element_type=\"container\" data-e-type=\"container\">\n\t\t\t\t<div class=\"elementor-element elementor-element-117418e elementor-widget elementor-widget-image\" data-id=\"117418e\" data-element_type=\"widget\" data-e-type=\"widget\" data-widget_type=\"image.default\">\n\t\t\t\t\t\t\t\t\t\t\t\t\t\t\t<img fetchpriority=\"high\" decoding=\"async\" width=\"1920\" height=\"1007\" src=\"https:\/\/vpsglobal.vn\/travel\/wp-content\/uploads\/2026\/04\/visa.webp\" class=\"attachment-full size-full wp-image-1132\" alt=\"\" srcset=\"https:\/\/vpsglobal.vn\/travel\/wp-content\/uploads\/2026\/04\/visa.webp 1920w, https:\/\/vpsglobal.vn\/travel\/wp-content\/uploads\/2026\/04\/visa-300x157.webp 300w, https:\/\/vpsglobal.vn\/travel\/wp-content\/uploads\/2026\/04\/visa-1024x537.webp 1024w, https:\/\/vpsglobal.vn\/travel\/wp-content\/uploads\/2026\/04\/visa-768x403.webp 768w, https:\/\/vpsglobal.vn\/travel\/wp-content\/uploads\/2026\/04\/visa-1536x806.webp 1536w\" sizes=\"(max-width: 1920px) 100vw, 1920px\" \/>\t\t\t\t\t\t\t\t\t\t\t\t\t\t\t<\/div>\n\t\t\t\t<\/div>\n\t\t\t\t\t<\/div>\n\t\t\t\t<\/div>\n\t\t<div class=\"elementor-element elementor-element-b0bd242 e-flex e-con-boxed e-con e-parent\" data-id=\"b0bd242\" data-element_type=\"container\" data-e-type=\"container\" data-settings=\"{&quot;background_background&quot;:&quot;classic&quot;}\">\n\t\t\t\t\t<div class=\"e-con-inner\">\n\t\t\t\t<div class=\"elementor-element elementor-element-582e154 elementor-widget elementor-widget-counter\" data-id=\"582e154\" data-element_type=\"widget\" data-e-type=\"widget\" data-widget_type=\"counter.default\">\n\t\t\t\t\t\t\t<div class=\"elementor-counter\">\n\t\t\t<div class=\"elementor-counter-title\">N\u0103m kinh nghi\u1ec7p<\/div>\t\t\t<div class=\"elementor-counter-number-wrapper\">\n\t\t\t\t<span class=\"elementor-counter-number-prefix\"><\/span>\n\t\t\t\t<span class=\"elementor-counter-number\" data-duration=\"2000\" data-to-value=\"10\" data-from-value=\"0\" data-delimiter=\",\">0<\/span>\n\t\t\t\t<span class=\"elementor-counter-number-suffix\">+<\/span>\n\t\t\t<\/div>\n\t\t<\/div>\n\t\t\t\t\t\t<\/div>\n\t\t\t\t<div class=\"elementor-element elementor-element-199563e elementor-widget elementor-widget-counter\" data-id=\"199563e\" data-element_type=\"widget\" data-e-type=\"widget\" data-widget_type=\"counter.default\">\n\t\t\t\t\t\t\t<div class=\"elementor-counter\">\n\t\t\t<div class=\"elementor-counter-title\">H\u1ed3 s\u01a1 \u0111\u1eadu visa<\/div>\t\t\t<div class=\"elementor-counter-number-wrapper\">\n\t\t\t\t<span class=\"elementor-counter-number-prefix\"><\/span>\n\t\t\t\t<span class=\"elementor-counter-number\" data-duration=\"2000\" data-to-value=\"96.8\" data-from-value=\"0\" data-delimiter=\",\">0<\/span>\n\t\t\t\t<span class=\"elementor-counter-number-suffix\">%<\/span>\n\t\t\t<\/div>\n\t\t<\/div>\n\t\t\t\t\t\t<\/div>\n\t\t\t\t<div class=\"elementor-element elementor-element-810a9ca elementor-widget elementor-widget-counter\" data-id=\"810a9ca\" data-element_type=\"widget\" data-e-type=\"widget\" data-widget_type=\"counter.default\">\n\t\t\t\t\t\t\t<div class=\"elementor-counter\">\n\t\t\t<div class=\"elementor-counter-title\">Kh\u00e1ch h\u00e0ng h\u00e0i l\u00f2ng<\/div>\t\t\t<div class=\"elementor-counter-number-wrapper\">\n\t\t\t\t<span class=\"elementor-counter-number-prefix\"><\/span>\n\t\t\t\t<span class=\"elementor-counter-number\" data-duration=\"2000\" data-to-value=\"98\" data-from-value=\"0\" data-delimiter=\",\">0<\/span>\n\t\t\t\t<span class=\"elementor-counter-number-suffix\">%<\/span>\n\t\t\t<\/div>\n\t\t<\/div>\n\t\t\t\t\t\t<\/div>\n\t\t\t\t<div class=\"elementor-element elementor-element-1b01d2c elementor-widget elementor-widget-counter\" data-id=\"1b01d2c\" data-element_type=\"widget\" data-e-type=\"widget\" data-widget_type=\"counter.default\">\n\t\t\t\t\t\t\t<div class=\"elementor-counter\">\n\t\t\t<div class=\"elementor-counter-title\">T\u01b0 v\u1ea5n mi\u1ec5n ph\u00ed<\/div>\t\t\t<div class=\"elementor-counter-number-wrapper\">\n\t\t\t\t<span class=\"elementor-counter-number-prefix\"><\/span>\n\t\t\t\t<span class=\"elementor-counter-number\" data-duration=\"100\" data-to-value=\"24\" data-from-value=\"0\" data-delimiter=\",\">0<\/span>\n\t\t\t\t<span class=\"elementor-counter-number-suffix\">\/7<\/span>\n\t\t\t<\/div>\n\t\t<\/div>\n\t\t\t\t\t\t<\/div>\n\t\t\t\t\t<\/div>\n\t\t\t\t<\/div>\n\t\t<div class=\"elementor-element elementor-element-982d32d e-flex e-con-boxed e-con e-parent\" data-id=\"982d32d\" data-element_type=\"container\" data-e-type=\"container\" data-settings=\"{&quot;background_background&quot;:&quot;classic&quot;}\">\n\t\t\t\t\t<div class=\"e-con-inner\">\n\t\t\t\t<div class=\"elementor-element elementor-element-5018180 elementor-widget-mobile__width-inherit elementor-widget elementor-widget-heading\" data-id=\"5018180\" data-element_type=\"widget\" data-e-type=\"widget\" data-widget_type=\"heading.default\">\n\t\t\t\t\t<h2 class=\"elementor-heading-title elementor-size-default\">C\u00e1c B\u01b0\u1edbc L\u00e0m Visa<\/h2>\t\t\t\t<\/div>\n\t\t<div class=\"elementor-element elementor-element-4381e5e e-con-full e-flex e-con e-child\" data-id=\"4381e5e\" data-element_type=\"container\" data-e-type=\"container\">\n\t\t<div class=\"elementor-element elementor-element-5d4ae46 e-con-full e-flex e-con e-child\" data-id=\"5d4ae46\" data-element_type=\"container\" data-e-type=\"container\">\n\t\t\t\t<div class=\"elementor-element elementor-element-432b43e icon-box elementor-widget elementor-widget-html\" data-id=\"432b43e\" data-element_type=\"widget\" data-e-type=\"widget\" data-widget_type=\"html.default\">\n\t\t\t\t\t<svg width=\"52\" height=\"52\" viewBox=\"0 0 24 24\" fill=\"none\" stroke=\"#2F80ED\" stroke-width=\"1.4\" stroke-linecap=\"round\" stroke-linejoin=\"round\">\r\n  <path d=\"M4 6a3 3 0 0 1 3-3h8a3 3 0 0 1 3 3v6a3 3 0 0 1-3 3H9l-4 3v-3a3 3 0 0 1-1-3z\"\/>\r\n  <path d=\"M8 8h6\"\/>\r\n  <path d=\"M8 11h4\"\/>\r\n<\/svg>\t\t\t\t<\/div>\n\t\t\t\t<div class=\"elementor-element elementor-element-8a8e124 elementor-widget-mobile__width-inherit elementor-widget elementor-widget-heading\" data-id=\"8a8e124\" data-element_type=\"widget\" data-e-type=\"widget\" data-widget_type=\"heading.default\">\n\t\t\t\t\t<h3 class=\"elementor-heading-title elementor-size-default\">T\u01b0 v\u1ea5n h\u1ed3 s\u01a1<\/h3>\t\t\t\t<\/div>\n\t\t\t\t<div class=\"elementor-element elementor-element-c339b0f elementor-widget elementor-widget-text-editor\" data-id=\"c339b0f\" data-element_type=\"widget\" data-e-type=\"widget\" data-widget_type=\"text-editor.default\">\n\t\t\t\t\t\t\t\t\t<p>Ti\u1ebfp nh\u1eadn th\u00f4ng tin t\u1eeb kh\u00e1ch h\u00e0ng, t\u01b0 v\u1ea5n v\u00e0 b\u00e1o gi\u00e1 theo nhu c\u1ea7u c\u1ee5 th\u1ec3 c\u1ee7a kh\u00e1ch.<\/p>\t\t\t\t\t\t\t\t<\/div>\n\t\t\t\t<\/div>\n\t\t<div class=\"elementor-element elementor-element-b7343f5 e-con-full e-flex e-con e-child\" data-id=\"b7343f5\" data-element_type=\"container\" data-e-type=\"container\">\n\t\t\t\t<div class=\"elementor-element elementor-element-8e06a65 icon-box elementor-widget elementor-widget-html\" data-id=\"8e06a65\" data-element_type=\"widget\" data-e-type=\"widget\" data-widget_type=\"html.default\">\n\t\t\t\t\t<svg width=\"48\" height=\"48\" viewBox=\"0 0 24 24\" fill=\"none\" stroke=\"#2AA198\" stroke-width=\"1.4\" stroke-linecap=\"round\" stroke-linejoin=\"round\">\r\n  <path d=\"M6 3h8l4 4v12a2 2 0 0 1-2 2H6a2 2 0 0 1-2-2V5a2 2 0 0 1 2-2z\"\/>\r\n  <path d=\"M14 3v4h4\"\/>\r\n  <path d=\"M8 10h6\"\/>\r\n  <path d=\"M8 13h4\"\/>\r\n  <path d=\"M15 14l3 3-4 1 1-4z\"\/>\r\n<\/svg>\t\t\t\t<\/div>\n\t\t\t\t<div class=\"elementor-element elementor-element-39cd353 elementor-widget-mobile__width-inherit elementor-widget elementor-widget-heading\" data-id=\"39cd353\" data-element_type=\"widget\" data-e-type=\"widget\" data-widget_type=\"heading.default\">\n\t\t\t\t\t<h3 class=\"elementor-heading-title elementor-size-default\">So\u1ea1n h\u1ed3 s\u01a1<\/h3>\t\t\t\t<\/div>\n\t\t\t\t<div class=\"elementor-element elementor-element-0758c63 elementor-widget elementor-widget-text-editor\" data-id=\"0758c63\" data-element_type=\"widget\" data-e-type=\"widget\" data-widget_type=\"text-editor.default\">\n\t\t\t\t\t\t\t\t\t<p>Chu\u1ea9n b\u1ecb h\u1ed3 s\u01a1, th\u00f4ng th\u01b0\u1eddng chia th\u00e0nh 4 h\u1ea1ng m\u1ee5c bao g\u1ed3m: gi\u1ea5y t\u1edd ch\u1ee9ng minh nh\u00e2n th\u00e2n, ch\u1ee9ng minh c\u00f4ng vi\u1ec7c, ch\u1ee9ng minh t\u00e0i ch\u00ednh v\u00e0 h\u1ed3 s\u01a1 chuy\u1ebfn \u0111i. Khai m\u1eabu do c\u00f4ng ty du l\u1ecbch cung c\u1ea5p.<\/p>\t\t\t\t\t\t\t\t<\/div>\n\t\t\t\t<\/div>\n\t\t<div class=\"elementor-element elementor-element-09223cb e-con-full e-flex e-con e-child\" data-id=\"09223cb\" data-element_type=\"container\" data-e-type=\"container\">\n\t\t\t\t<div class=\"elementor-element elementor-element-2b8508e icon-box elementor-widget elementor-widget-html\" data-id=\"2b8508e\" data-element_type=\"widget\" data-e-type=\"widget\" data-widget_type=\"html.default\">\n\t\t\t\t\t<svg width=\"48\" height=\"48\" viewBox=\"0 0 24 24\" fill=\"none\" stroke=\"#F2994A\" stroke-width=\"1.4\" stroke-linecap=\"round\" stroke-linejoin=\"round\">\r\n  <path d=\"M6 3h8l4 4v12a2 2 0 0 1-2 2H6a2 2 0 0 1-2-2V5a2 2 0 0 1 2-2z\"\/>\r\n  <path d=\"M14 3v4h4\"\/>\r\n  <path d=\"M8 10h6\"\/>\r\n  <path d=\"M8 13h4\"\/>\r\n  <path d=\"M17 10v6a2 2 0 0 1-4 0V9a1.5 1.5 0 0 1 3 0v6\"\/>\r\n<\/svg>\t\t\t\t<\/div>\n\t\t\t\t<div class=\"elementor-element elementor-element-3921137 elementor-widget-mobile__width-inherit elementor-widget elementor-widget-heading\" data-id=\"3921137\" data-element_type=\"widget\" data-e-type=\"widget\" data-widget_type=\"heading.default\">\n\t\t\t\t\t<h3 class=\"elementor-heading-title elementor-size-default\">N\u1ed9p h\u1ed3 s\u01a1<\/h3>\t\t\t\t<\/div>\n\t\t\t\t<div class=\"elementor-element elementor-element-f7e4874 elementor-widget elementor-widget-text-editor\" data-id=\"f7e4874\" data-element_type=\"widget\" data-e-type=\"widget\" data-widget_type=\"text-editor.default\">\n\t\t\t\t\t\t\t\t\t<p>Thay m\u1eb7t kh\u00e1ch h\u00e0ng, \u0111\u1ea1i di\u1ec7n c\u00f4ng ty du l\u1ecbch n\u1ed9p h\u1ed3 s\u01a1 xin visa t\u1ea1i c\u01a1 quan c\u00f3 th\u1ea9m quy\u1ec1n.<\/p>\t\t\t\t\t\t\t\t<\/div>\n\t\t\t\t<\/div>\n\t\t<div class=\"elementor-element elementor-element-3d559b6 e-con-full e-flex e-con e-child\" data-id=\"3d559b6\" data-element_type=\"container\" data-e-type=\"container\">\n\t\t\t\t<div class=\"elementor-element elementor-element-442486e icon-box elementor-widget elementor-widget-html\" data-id=\"442486e\" data-element_type=\"widget\" data-e-type=\"widget\" data-widget_type=\"html.default\">\n\t\t\t\t\t<svg width=\"48\" height=\"48\" viewBox=\"0 0 24 24\" fill=\"none\" stroke=\"#EB4C8B\" stroke-width=\"1.4\" stroke-linecap=\"round\" stroke-linejoin=\"round\">\r\n  <path d=\"M6 3h8l4 4v12a2 2 0 0 1-2 2H6a2 2 0 0 1-2-2V5a2 2 0 0 1 2-2z\"\/>\r\n  <path d=\"M14 3v4h4\"\/>\r\n  <path d=\"M8 10h6\"\/>\r\n  <path d=\"M8 13h4\"\/>\r\n  <path d=\"M9 17l2 2 4-4\"\/>\r\n<\/svg>\t\t\t\t<\/div>\n\t\t\t\t<div class=\"elementor-element elementor-element-480b0c7 elementor-widget-mobile__width-inherit elementor-widget elementor-widget-heading\" data-id=\"480b0c7\" data-element_type=\"widget\" data-e-type=\"widget\" data-widget_type=\"heading.default\">\n\t\t\t\t\t<h3 class=\"elementor-heading-title elementor-size-default\">Nh\u1eadn h\u1ed3 s\u01a1<\/h3>\t\t\t\t<\/div>\n\t\t\t\t<div class=\"elementor-element elementor-element-fe59182 elementor-widget elementor-widget-text-editor\" data-id=\"fe59182\" data-element_type=\"widget\" data-e-type=\"widget\" data-widget_type=\"text-editor.default\">\n\t\t\t\t\t\t\t\t\t<p>Theo d\u00f5i t\u00ecnh tr\u1ea1ng v\u00e0 c\u1eadp nh\u1eadt k\u1ebft qu\u1ea3 t\u1edbi kh\u00e1ch h\u00e0ng.<\/p>\t\t\t\t\t\t\t\t<\/div>\n\t\t\t\t<\/div>\n\t\t\t\t<\/div>\n\t\t\t\t\t<\/div>\n\t\t\t\t<\/div>\n\t\t<div class=\"elementor-element elementor-element-c43dc3b e-flex e-con-boxed e-con e-parent\" data-id=\"c43dc3b\" data-element_type=\"container\" data-e-type=\"container\" id=\"visa\" data-settings=\"{&quot;background_background&quot;:&quot;classic&quot;}\">\n\t\t\t\t\t<div class=\"e-con-inner\">\n\t\t\t\t<div class=\"elementor-element elementor-element-5853b8c elementor-widget-mobile__width-inherit elementor-widget elementor-widget-heading\" data-id=\"5853b8c\" data-element_type=\"widget\" data-e-type=\"widget\" data-widget_type=\"heading.default\">\n\t\t\t\t\t<h2 class=\"elementor-heading-title elementor-size-default\">\u0110\u0103ng K\u00fd L\u00e0m Visa<\/h2>\t\t\t\t<\/div>\n\t\t\t\t<div class=\"elementor-element elementor-element-6afd02d elementor-widget-mobile__width-inherit elementor-widget elementor-widget-heading\" data-id=\"6afd02d\" data-element_type=\"widget\" data-e-type=\"widget\" data-widget_type=\"heading.default\">\n\t\t\t\t\t<p class=\"elementor-heading-title elementor-size-default\">Vui l\u00f2ng ki\u1ec3m tra CMND\/h\u1ed9 chi\u1ebfu c\u00f2n h\u1ea1n tr\u00ean 6 th\u00e1ng.<\/p>\t\t\t\t<\/div>\n\t\t<div class=\"elementor-element elementor-element-5a10307 e-con-full e-flex e-con e-child\" data-id=\"5a10307\" data-element_type=\"container\" data-e-type=\"container\" data-settings=\"{&quot;background_background&quot;:&quot;classic&quot;}\">\n\t\t\t\t<div class=\"elementor-element elementor-element-5baa5d3 elementor-button-align-center elementor-widget__width-inherit elementor-widget elementor-widget-form\" data-id=\"5baa5d3\" data-element_type=\"widget\" data-e-type=\"widget\" data-settings=\"{&quot;step_next_label&quot;:&quot;Next&quot;,&quot;step_previous_label&quot;:&quot;Previous&quot;,&quot;button_width&quot;:&quot;100&quot;,&quot;step_type&quot;:&quot;number_text&quot;,&quot;step_icon_shape&quot;:&quot;circle&quot;}\" data-widget_type=\"form.default\">\n\t\t\t\t\t\t\t<form class=\"elementor-form\" method=\"post\" name=\"New Form\" aria-label=\"New Form\">\n\t\t\t<input type=\"hidden\" name=\"post_id\" value=\"22\"\/>\n\t\t\t<input type=\"hidden\" name=\"form_id\" value=\"5baa5d3\"\/>\n\t\t\t<input type=\"hidden\" name=\"referer_title\" value=\"T\u01b0 v\u1ea5n Visa - C\u00f4ng Ty C\u1ed5 Ph\u1ea7n VPS Global\" \/>\n\n\t\t\t\t\t\t\t<input type=\"hidden\" name=\"queried_id\" value=\"22\"\/>\n\t\t\t\n\t\t\t<div class=\"elementor-form-fields-wrapper elementor-labels-above\">\n\t\t\t\t\t\t\t\t<div class=\"elementor-field-type-text elementor-field-group elementor-column elementor-field-group-name elementor-col-50 elementor-field-required elementor-mark-required\">\n\t\t\t\t\t\t\t\t\t\t\t\t<label for=\"form-field-name\" class=\"elementor-field-label\">\n\t\t\t\t\t\t\t\tH\u1ecd v\u00e0 t\u00ean\t\t\t\t\t\t\t<\/label>\n\t\t\t\t\t\t\t\t\t\t\t\t\t\t<input size=\"1\" type=\"text\" name=\"form_fields[name]\" id=\"form-field-name\" class=\"elementor-field elementor-size-sm  elementor-field-textual\" placeholder=\"Nh\u1eadp h\u1ecd v\u00e0 t\u00ean\" required=\"required\">\n\t\t\t\t\t\t\t\t\t\t\t<\/div>\n\t\t\t\t\t\t\t\t<div class=\"elementor-field-type-tel elementor-field-group elementor-column elementor-field-group-field_7fd52b2 elementor-col-50 elementor-field-required elementor-mark-required\">\n\t\t\t\t\t\t\t\t\t\t\t\t<label for=\"form-field-field_7fd52b2\" class=\"elementor-field-label\">\n\t\t\t\t\t\t\t\tS\u1ed1 \u0111i\u1ec7n tho\u1ea1i\t\t\t\t\t\t\t<\/label>\n\t\t\t\t\t\t\t\t<input size=\"1\" type=\"tel\" name=\"form_fields[field_7fd52b2]\" id=\"form-field-field_7fd52b2\" class=\"elementor-field elementor-size-sm  elementor-field-textual\" placeholder=\"Nh\u1eadp s\u1ed1 \u0111i\u1ec7n tho\u1ea1i\" required=\"required\" pattern=\"[0-9()#&amp;+*-=.]+\" title=\"Only numbers and phone characters (#, -, *, etc) are accepted.\">\n\n\t\t\t\t\t\t<\/div>\n\t\t\t\t\t\t\t\t<div class=\"elementor-field-type-email elementor-field-group elementor-column elementor-field-group-email elementor-col-50 elementor-field-required elementor-mark-required\">\n\t\t\t\t\t\t\t\t\t\t\t\t<label for=\"form-field-email\" class=\"elementor-field-label\">\n\t\t\t\t\t\t\t\tEmail\t\t\t\t\t\t\t<\/label>\n\t\t\t\t\t\t\t\t\t\t\t\t\t\t<input size=\"1\" type=\"email\" name=\"form_fields[email]\" id=\"form-field-email\" class=\"elementor-field elementor-size-sm  elementor-field-textual\" placeholder=\"Nh\u1eadp email\" required=\"required\">\n\t\t\t\t\t\t\t\t\t\t\t<\/div>\n\t\t\t\t\t\t\t\t<div class=\"elementor-field-type-text elementor-field-group elementor-column elementor-field-group-field_b8441f1 elementor-col-50\">\n\t\t\t\t\t\t\t\t\t\t\t\t<label for=\"form-field-field_b8441f1\" class=\"elementor-field-label\">\n\t\t\t\t\t\t\t\t\u0110\u1ecba ch\u1ec9\t\t\t\t\t\t\t<\/label>\n\t\t\t\t\t\t\t\t\t\t\t\t\t\t<input size=\"1\" type=\"text\" name=\"form_fields[field_b8441f1]\" id=\"form-field-field_b8441f1\" class=\"elementor-field elementor-size-sm  elementor-field-textual\" placeholder=\"Nh\u1eadp \u0111\u1ecba ch\u1ec9\">\n\t\t\t\t\t\t\t\t\t\t\t<\/div>\n\t\t\t\t\t\t\t\t<div class=\"elementor-field-type-textarea elementor-field-group elementor-column elementor-field-group-message elementor-col-100\">\n\t\t\t\t\t\t\t\t\t\t\t\t<label for=\"form-field-message\" class=\"elementor-field-label\">\n\t\t\t\t\t\t\t\tN\u1ed9i dung\t\t\t\t\t\t\t<\/label>\n\t\t\t\t\t\t<textarea class=\"elementor-field-textual elementor-field  elementor-size-sm\" name=\"form_fields[message]\" id=\"form-field-message\" rows=\"4\" placeholder=\"Nh\u1eadp n\u1ed9i dung y\u00eau c\u1ea7u c\u1ee7a b\u1ea1n...\"><\/textarea>\t\t\t\t<\/div>\n\t\t\t\t\t\t\t\t<div class=\"elementor-field-group elementor-column elementor-field-type-submit elementor-col-100 e-form__buttons\">\n\t\t\t\t\t<button class=\"elementor-button elementor-size-md\" type=\"submit\">\n\t\t\t\t\t\t<span class=\"elementor-button-content-wrapper\">\n\t\t\t\t\t\t\t\t\t\t\t\t\t\t\t\t\t\t\t\t\t\t<span class=\"elementor-button-text\">\u0110\u0102NG K\u00dd NGAY<\/span>\n\t\t\t\t\t\t\t\t\t\t\t\t\t<\/span>\n\t\t\t\t\t<\/button>\n\t\t\t\t<\/div>\n\t\t\t<\/div>\n\t\t<\/form>\n\t\t\t\t\t\t<\/div>\n\t\t\t\t<\/div>\n\t\t\t\t\t<\/div>\n\t\t\t\t<\/div>\n\t\t\t\t<\/div>\n\t\t","protected":false},"excerpt":{"rendered":"<p>VPS Global: Hi\u1ec7n Th\u1ef1c H\u00f3a Gi\u1ea5c M\u01a1 Visa To\u00e0n C\u1ea7u VPS Global t\u1ef1 h\u00e0o l\u00e0 chuy\u00ean gia h\u00e0ng \u0111\u1ea7u trong l\u0129nh v\u1ef1c visa M\u1ef9, Canada, \u00dac, Anh v\u00e0 Ch\u00e2u \u00c2u. V\u1edbi \u0111\u1ed9i ng\u0169 t\u01b0 v\u1ea5n t\u1eadn t\u00e2m v\u00e0 tr\u00ean 10 n\u0103m kinh nghi\u1ec7m, ch\u00fang t\u00f4i cam k\u1ebft th\u1ea9m \u0111\u1ecbnh h\u1ed3 s\u01a1 ch\u00ednh x\u00e1c, t\u1ed1i \u01b0u [&hellip;]<\/p>\n","protected":false},"author":1,"featured_media":0,"parent":0,"menu_order":0,"comment_status":"closed","ping_status":"closed","template":"","meta":{"_acf_changed":false,"footnotes":""},"class_list":["post-22","page","type-page","status-publish","hentry"],"acf":[],"_links":{"self":[{"href":"https:\/\/vpsglobal.vn\/travel\/wp-json\/wp\/v2\/pages\/22","targetHints":{"allow":["GET"]}}],"collection":[{"href":"https:\/\/vpsglobal.vn\/travel\/wp-json\/wp\/v2\/pages"}],"about":[{"href":"https:\/\/vpsglobal.vn\/travel\/wp-json\/wp\/v2\/types\/page"}],"author":[{"embeddable":true,"href":"https:\/\/vpsglobal.vn\/travel\/wp-json\/wp\/v2\/users\/1"}],"replies":[{"embeddable":true,"href":"https:\/\/vpsglobal.vn\/travel\/wp-json\/wp\/v2\/comments?post=22"}],"version-history":[{"count":0,"href":"https:\/\/vpsglobal.vn\/travel\/wp-json\/wp\/v2\/pages\/22\/revisions"}],"wp:attachment":[{"href":"https:\/\/vpsglobal.vn\/travel\/wp-json\/wp\/v2\/media?parent=22"}],"curies":[{"name":"wp","href":"https:\/\/api.w.org\/{rel}","templated":true}]}}