{"id":24,"date":"2026-03-28T10:34:59","date_gmt":"2026-03-28T10:34:59","guid":{"rendered":"https:\/\/test.test\/?page_id=24"},"modified":"2026-04-22T20:27:02","modified_gmt":"2026-04-22T13:27:02","slug":"ve-may-bay","status":"publish","type":"page","link":"https:\/\/vpsglobal.vn\/travel\/ve-may-bay\/","title":{"rendered":"V\u00e9 m\u00e1y bay"},"content":{"rendered":"\t\t<div data-elementor-type=\"wp-page\" data-elementor-id=\"24\" class=\"elementor elementor-24\" data-elementor-post-type=\"page\">\n\t\t\t\t<div class=\"elementor-element elementor-element-5d21329 e-con-full e-flex e-con e-parent\" data-id=\"5d21329\" data-element_type=\"container\" data-e-type=\"container\">\n\t\t\t\t<div class=\"elementor-element elementor-element-16b3a31 elementor-widget elementor-widget-shortcode\" data-id=\"16b3a31\" data-element_type=\"widget\" data-e-type=\"widget\" data-widget_type=\"shortcode.default\">\n\t\t\t\t\t\t\t<div class=\"elementor-shortcode\">        <div class=\"gp-gallery-wrapper gp-layout-grid gp-fit-cover\"\n             id=\"gp_1286_1\"\n             style=\"--gp-gap:0px; --gp-col-d:1; --gp-col-t:1; --gp-col-m:1; --gp-h-d:400px; --gp-h-t:250px; --gp-h-m:200px; --gp-radius:0px; --gp-t-fs-d:16px; --gp-t-fs-t:15px; --gp-t-fs-m:14px; --gp-t-fw:600; --gp-t-lh:1.5; --gp-t-tt:none; --gp-t-color:#ffffff; --gp-t-bg:linear-gradient(to top, rgba(0,0,0,0.85) 0%, rgba(0,0,0,0) 100%);\"\n             data-settings=\"{&quot;col_d&quot;:1,&quot;col_t&quot;:1,&quot;col_m&quot;:1,&quot;gap&quot;:0,&quot;autoplay&quot;:&quot;off&quot;,&quot;autoplay_speed&quot;:4000,&quot;effect&quot;:&quot;slide&quot;}\">\n                            <div class=\"gp-inner\">\n                    <div class=\"gp-gallery-item\"><div class=\"gp-media-wrap\" style=\"position:relative;width:100%;border-radius:var(--gp-radius);overflow:hidden;transform:translateZ(0);\"><img decoding=\"async\" src=\"https:\/\/vpsglobal.vn\/travel\/wp-content\/uploads\/2026\/04\/ve-bay-banner1.webp\" alt=\"ve bay banner1\" class=\"gp-media\" loading=\"lazy\" style=\"width:100%;height:100%;\"><\/div><\/div>                <\/div>\n                    <\/div>\n        <\/div>\n\t\t\t\t\t\t<\/div>\n\t\t\t\t<\/div>\n\t\t<div class=\"elementor-element elementor-element-6e0e45d e-flex e-con-boxed e-con e-parent\" data-id=\"6e0e45d\" data-element_type=\"container\" data-e-type=\"container\" data-settings=\"{&quot;background_background&quot;:&quot;classic&quot;}\">\n\t\t\t\t\t<div class=\"e-con-inner\">\n\t\t\t\t<div class=\"elementor-element elementor-element-c8ee481 breadcum elementor-widget elementor-widget-shortcode\" data-id=\"c8ee481\" data-element_type=\"widget\" data-e-type=\"widget\" data-widget_type=\"shortcode.default\">\n\t\t\t\t\t\t\t<div class=\"elementor-shortcode\"><nav aria-label=\"breadcrumbs\" class=\"rank-math-breadcrumb\"><p><span class=\"last\">Trang ch\u1ee7<\/span><\/p><\/nav><\/div>\n\t\t\t\t\t\t<\/div>\n\t\t\t\t\t<\/div>\n\t\t\t\t<\/div>\n\t\t<div class=\"elementor-element elementor-element-c753257 e-flex e-con-boxed e-con e-parent\" data-id=\"c753257\" data-element_type=\"container\" data-e-type=\"container\" data-settings=\"{&quot;background_background&quot;:&quot;classic&quot;}\">\n\t\t\t\t\t<div class=\"e-con-inner\">\n\t\t<div class=\"elementor-element elementor-element-2170786 e-con-full e-flex e-con e-child\" data-id=\"2170786\" data-element_type=\"container\" data-e-type=\"container\" data-settings=\"{&quot;background_background&quot;:&quot;classic&quot;}\">\n\t\t\t\t<div class=\"elementor-element elementor-element-ba6d33b elementor-widget-mobile__width-inherit elementor-widget elementor-widget-heading\" data-id=\"ba6d33b\" data-element_type=\"widget\" data-e-type=\"widget\" data-widget_type=\"heading.default\">\n\t\t\t\t\t<h2 class=\"elementor-heading-title elementor-size-default\">D\u1ecbch v\u1ee5 t\u01b0 v\u1ea5n v\u00e9 m\u00e1y bay t\u1ea1i VPS Global<\/h2>\t\t\t\t<\/div>\n\t\t\t\t<div class=\"elementor-element elementor-element-29b9e92 content elementor-widget elementor-widget-text-editor\" data-id=\"29b9e92\" data-element_type=\"widget\" data-e-type=\"widget\" data-widget_type=\"text-editor.default\">\n\t\t\t\t\t\t\t\t\t<p data-start=\"45\" data-end=\"185\">VPS Global gi\u00fap b\u1ea1n mua v\u00e9 tr\u1ef1c ti\u1ebfp an to\u00e0n. H\u1ec7 th\u1ed1ng \u0111\u1eb7t v\u00e9 tr\u00ean website ho\u1ea1t \u0111\u1ed9ng 24\/7, \u0111\u1ed9i ng\u0169 CSKH am hi\u1ec3u h\u1ed7 tr\u1ee3 m\u1ecdi l\u00fac. Ch\u00fang t\u00f4i cam k\u1ebft minh b\u1ea1ch gi\u00e1, \u0111i\u1ec1u kho\u1ea3n, ph\u00ed; thanh to\u00e1n linh ho\u1ea1t qua chuy\u1ec3n kho\u1ea3n, th\u1ebb ho\u1eb7c ti\u1ec1n m\u1eb7t.<\/p>\t\t\t\t\t\t\t\t<\/div>\n\t\t\t\t<div class=\"elementor-element elementor-element-12bbbd5 elementor-widget elementor-widget-button\" data-id=\"12bbbd5\" data-element_type=\"widget\" data-e-type=\"widget\" data-widget_type=\"button.default\">\n\t\t\t\t\t\t\t\t\t\t<a class=\"elementor-button elementor-button-link elementor-size-sm\" href=\"#vemaybay\">\n\t\t\t\t\t\t<span class=\"elementor-button-content-wrapper\">\n\t\t\t\t\t\t<span class=\"elementor-button-icon\">\n\t\t\t\t<svg xmlns=\"http:\/\/www.w3.org\/2000\/svg\" width=\"800px\" height=\"800px\" viewBox=\"0 0 24 24\" fill=\"currentColor\" stroke=\"currentColor\" stroke-width=\"1\" stroke-linecap=\"round\" stroke-linejoin=\"miter\"><polyline points=\"13 17 18 12 13 7\"><\/polyline><line x1=\"6\" y1=\"12\" x2=\"18\" y2=\"12\"><\/line><\/svg>\t\t\t<\/span>\n\t\t\t\t\t\t\t\t\t<span class=\"elementor-button-text\">Li\u00ean h\u1ec7 t\u01b0 v\u1ea5n<\/span>\n\t\t\t\t\t<\/span>\n\t\t\t\t\t<\/a>\n\t\t\t\t\t\t\t\t<\/div>\n\t\t\t\t<\/div>\n\t\t<div class=\"elementor-element elementor-element-ce8fc4c e-con-full e-flex e-con e-child\" data-id=\"ce8fc4c\" data-element_type=\"container\" data-e-type=\"container\">\n\t\t\t\t<div class=\"elementor-element elementor-element-5d3b573 elementor-widget elementor-widget-image\" data-id=\"5d3b573\" data-element_type=\"widget\" data-e-type=\"widget\" data-widget_type=\"image.default\">\n\t\t\t\t\t\t\t\t\t\t\t\t\t\t\t<img fetchpriority=\"high\" decoding=\"async\" width=\"1920\" height=\"918\" src=\"https:\/\/vpsglobal.vn\/travel\/wp-content\/uploads\/2026\/04\/ve-may-bay.jpg\" class=\"attachment-full size-full wp-image-1282\" alt=\"\" srcset=\"https:\/\/vpsglobal.vn\/travel\/wp-content\/uploads\/2026\/04\/ve-may-bay.jpg 1920w, https:\/\/vpsglobal.vn\/travel\/wp-content\/uploads\/2026\/04\/ve-may-bay-300x143.jpg 300w, https:\/\/vpsglobal.vn\/travel\/wp-content\/uploads\/2026\/04\/ve-may-bay-1024x490.jpg 1024w, https:\/\/vpsglobal.vn\/travel\/wp-content\/uploads\/2026\/04\/ve-may-bay-768x367.jpg 768w, https:\/\/vpsglobal.vn\/travel\/wp-content\/uploads\/2026\/04\/ve-may-bay-1536x734.jpg 1536w\" sizes=\"(max-width: 1920px) 100vw, 1920px\" \/>\t\t\t\t\t\t\t\t\t\t\t\t\t\t\t<\/div>\n\t\t\t\t<\/div>\n\t\t\t\t\t<\/div>\n\t\t\t\t<\/div>\n\t\t<div class=\"elementor-element elementor-element-201e0d0 e-flex e-con-boxed e-con e-parent\" data-id=\"201e0d0\" data-element_type=\"container\" data-e-type=\"container\" data-settings=\"{&quot;background_background&quot;:&quot;classic&quot;}\">\n\t\t\t\t\t<div class=\"e-con-inner\">\n\t\t\t\t<div class=\"elementor-element elementor-element-7eebcac elementor-widget elementor-widget-counter\" data-id=\"7eebcac\" data-element_type=\"widget\" data-e-type=\"widget\" data-widget_type=\"counter.default\">\n\t\t\t\t\t\t\t<div class=\"elementor-counter\">\n\t\t\t<div class=\"elementor-counter-title\">N\u0103m kinh nghi\u1ec7p<\/div>\t\t\t<div class=\"elementor-counter-number-wrapper\">\n\t\t\t\t<span class=\"elementor-counter-number-prefix\"><\/span>\n\t\t\t\t<span class=\"elementor-counter-number\" data-duration=\"2000\" data-to-value=\"10\" data-from-value=\"0\" data-delimiter=\",\">0<\/span>\n\t\t\t\t<span class=\"elementor-counter-number-suffix\">+<\/span>\n\t\t\t<\/div>\n\t\t<\/div>\n\t\t\t\t\t\t<\/div>\n\t\t\t\t<div class=\"elementor-element elementor-element-c495773 elementor-widget elementor-widget-counter\" data-id=\"c495773\" data-element_type=\"widget\" data-e-type=\"widget\" data-widget_type=\"counter.default\">\n\t\t\t\t\t\t\t<div class=\"elementor-counter\">\n\t\t\t<div class=\"elementor-counter-title\">Nhanh ch\u00f3ng<\/div>\t\t\t<div class=\"elementor-counter-number-wrapper\">\n\t\t\t\t<span class=\"elementor-counter-number-prefix\"><\/span>\n\t\t\t\t<span class=\"elementor-counter-number\" data-duration=\"2000\" data-to-value=\"100\" data-from-value=\"0\" data-delimiter=\",\">0<\/span>\n\t\t\t\t<span class=\"elementor-counter-number-suffix\">%<\/span>\n\t\t\t<\/div>\n\t\t<\/div>\n\t\t\t\t\t\t<\/div>\n\t\t\t\t<div class=\"elementor-element elementor-element-ca09350 elementor-widget elementor-widget-counter\" data-id=\"ca09350\" data-element_type=\"widget\" data-e-type=\"widget\" data-widget_type=\"counter.default\">\n\t\t\t\t\t\t\t<div class=\"elementor-counter\">\n\t\t\t<div class=\"elementor-counter-title\">Kh\u00e1ch h\u00e0ng h\u00e0i l\u00f2ng<\/div>\t\t\t<div class=\"elementor-counter-number-wrapper\">\n\t\t\t\t<span class=\"elementor-counter-number-prefix\"><\/span>\n\t\t\t\t<span class=\"elementor-counter-number\" data-duration=\"2000\" data-to-value=\"98\" data-from-value=\"0\" data-delimiter=\",\">0<\/span>\n\t\t\t\t<span class=\"elementor-counter-number-suffix\">%<\/span>\n\t\t\t<\/div>\n\t\t<\/div>\n\t\t\t\t\t\t<\/div>\n\t\t\t\t<div class=\"elementor-element elementor-element-8e84cee elementor-widget elementor-widget-counter\" data-id=\"8e84cee\" data-element_type=\"widget\" data-e-type=\"widget\" data-widget_type=\"counter.default\">\n\t\t\t\t\t\t\t<div class=\"elementor-counter\">\n\t\t\t<div class=\"elementor-counter-title\">T\u01b0 v\u1ea5n mi\u1ec5n ph\u00ed<\/div>\t\t\t<div class=\"elementor-counter-number-wrapper\">\n\t\t\t\t<span class=\"elementor-counter-number-prefix\"><\/span>\n\t\t\t\t<span class=\"elementor-counter-number\" data-duration=\"100\" data-to-value=\"24\" data-from-value=\"0\" data-delimiter=\",\">0<\/span>\n\t\t\t\t<span class=\"elementor-counter-number-suffix\">\/7<\/span>\n\t\t\t<\/div>\n\t\t<\/div>\n\t\t\t\t\t\t<\/div>\n\t\t\t\t\t<\/div>\n\t\t\t\t<\/div>\n\t\t<div class=\"elementor-element elementor-element-db2f368 e-flex e-con-boxed e-con e-parent\" data-id=\"db2f368\" data-element_type=\"container\" data-e-type=\"container\" data-settings=\"{&quot;background_background&quot;:&quot;classic&quot;}\">\n\t\t\t\t\t<div class=\"e-con-inner\">\n\t\t\t\t<div class=\"elementor-element elementor-element-a2b534b elementor-widget-mobile__width-inherit elementor-widget elementor-widget-heading\" data-id=\"a2b534b\" data-element_type=\"widget\" data-e-type=\"widget\" data-widget_type=\"heading.default\">\n\t\t\t\t\t<h2 class=\"elementor-heading-title elementor-size-default\">Qu\u00fd kh\u00e1ch \u0111ang lo l\u1eafng khi mua v\u00e9 m\u00e1y bay?<\/h2>\t\t\t\t<\/div>\n\t\t<div class=\"elementor-element elementor-element-3d3d9d1 e-con-full e-flex e-con e-child\" data-id=\"3d3d9d1\" data-element_type=\"container\" data-e-type=\"container\">\n\t\t<div class=\"elementor-element elementor-element-798cad3 e-con-full e-flex e-con e-child\" data-id=\"798cad3\" data-element_type=\"container\" data-e-type=\"container\">\n\t\t\t\t<div class=\"elementor-element elementor-element-525ba3d icon-box elementor-widget elementor-widget-html\" data-id=\"525ba3d\" data-element_type=\"widget\" data-e-type=\"widget\" data-widget_type=\"html.default\">\n\t\t\t\t\t<svg width=\"52\" height=\"52\" viewBox=\"0 0 24 24\" fill=\"none\" stroke=\"#2F80ED\" stroke-width=\"1.4\" stroke-linecap=\"round\" stroke-linejoin=\"round\">\r\n  <path d=\"M4 6a3 3 0 0 1 3-3h8a3 3 0 0 1 3 3v6a3 3 0 0 1-3 3H9l-4 3v-3a3 3 0 0 1-1-3z\"\/>\r\n  <path d=\"M8 8h6\"\/>\r\n  <path d=\"M8 11h4\"\/>\r\n<\/svg>\t\t\t\t<\/div>\n\t\t\t\t<div class=\"elementor-element elementor-element-3d1d4b3 elementor-widget-mobile__width-inherit elementor-widget elementor-widget-heading\" data-id=\"3d1d4b3\" data-element_type=\"widget\" data-e-type=\"widget\" data-widget_type=\"heading.default\">\n\t\t\t\t\t<h3 class=\"elementor-heading-title elementor-size-default\">Gi\u00e1 v\u00e9 bi\u1ebfn \u0111\u1ed9ng m\u1ea1nh, kh\u00f3 so s\u00e1nh<\/h3>\t\t\t\t<\/div>\n\t\t\t\t<div class=\"elementor-element elementor-element-27f1467 text elementor-widget elementor-widget-text-editor\" data-id=\"27f1467\" data-element_type=\"widget\" data-e-type=\"widget\" data-widget_type=\"text-editor.default\">\n\t\t\t\t\t\t\t\t\t<p>Nhi\u1ec1u h\u00e3ng c\u00f9ng khai th\u00e1c ch\u1eb7ng bay, gi\u00e1 v\u00e9 thay \u0111\u1ed5i li\u00ean t\u1ee5c, nhi\u1ec1u h\u1ea1ng v\u00e9, nhi\u1ec1u quy \u0111\u1ecbnh, qu\u00e1 kh\u00f3 \u0111\u1ec3 qu\u00fd kh\u00e1ch so s\u00e1nh gi\u00e1<\/p><p>Nh\u1ea5t l\u00e0 c\u00e1c chuy\u1ebfn bay qu\u1ed1c t\u1ebf, qu\u00fd kh\u00e1ch c\u00f3 th\u1ec3 m\u1ea5t ti\u1ec1n oan<\/p>\t\t\t\t\t\t\t\t<\/div>\n\t\t\t\t<\/div>\n\t\t<div class=\"elementor-element elementor-element-ed79f9f e-con-full e-flex e-con e-child\" data-id=\"ed79f9f\" data-element_type=\"container\" data-e-type=\"container\">\n\t\t\t\t<div class=\"elementor-element elementor-element-f08ef9b icon-box elementor-widget elementor-widget-html\" data-id=\"f08ef9b\" data-element_type=\"widget\" data-e-type=\"widget\" data-widget_type=\"html.default\">\n\t\t\t\t\t<svg width=\"48\" height=\"48\" viewBox=\"0 0 24 24\" fill=\"none\" stroke=\"#2AA198\" stroke-width=\"1.4\" stroke-linecap=\"round\" stroke-linejoin=\"round\">\r\n  <path d=\"M6 3h8l4 4v12a2 2 0 0 1-2 2H6a2 2 0 0 1-2-2V5a2 2 0 0 1 2-2z\"\/>\r\n  <path d=\"M14 3v4h4\"\/>\r\n  <path d=\"M8 10h6\"\/>\r\n  <path d=\"M8 13h4\"\/>\r\n  <path d=\"M15 14l3 3-4 1 1-4z\"\/>\r\n<\/svg>\t\t\t\t<\/div>\n\t\t\t\t<div class=\"elementor-element elementor-element-8603f2d elementor-widget-mobile__width-inherit elementor-widget elementor-widget-heading\" data-id=\"8603f2d\" data-element_type=\"widget\" data-e-type=\"widget\" data-widget_type=\"heading.default\">\n\t\t\t\t\t<h3 class=\"elementor-heading-title elementor-size-default\">Quy tr\u00ecnh \u0111\u1eb7t v\u00e9 \u2013 gi\u1eef ch\u1ed7 r\u01b0\u1eddm r\u00e0<\/h3>\t\t\t\t<\/div>\n\t\t\t\t<div class=\"elementor-element elementor-element-62c8a91 text elementor-widget elementor-widget-text-editor\" data-id=\"62c8a91\" data-element_type=\"widget\" data-e-type=\"widget\" data-widget_type=\"text-editor.default\">\n\t\t\t\t\t\t\t\t\t<p>Kh\u00e1ch h\u00e0ng d\u1ec5 b\u1ecb h\u1ee7y ch\u1ed7 n\u1ebfu kh\u00f4ng xu\u1ea5t v\u00e9 \u0111\u00fang h\u1ea1n<\/p><p>Kh\u00f4ng th\u00e0nh th\u1ea1o thao t\u00e1c s\u0103n v\u00e9 online khi\u1ebfn qu\u00fd kh\u00e1ch b\u1ecf l\u1ee1 khuy\u1ebfn m\u1ea1i<\/p><p>Vi\u1ec7c \u0111i\u1ec1n sai t\u00ean h\u00e0nh kh\u00e1ch d\u1eabn t\u1edbi h\u1ee7y v\u00e9 v\u00e0 m\u1ea5t ph\u00ed ph\u1ea1t<\/p>\t\t\t\t\t\t\t\t<\/div>\n\t\t\t\t<\/div>\n\t\t<div class=\"elementor-element elementor-element-eb63bde e-con-full e-flex e-con e-child\" data-id=\"eb63bde\" data-element_type=\"container\" data-e-type=\"container\">\n\t\t\t\t<div class=\"elementor-element elementor-element-58ad01a icon-box elementor-widget elementor-widget-html\" data-id=\"58ad01a\" data-element_type=\"widget\" data-e-type=\"widget\" data-widget_type=\"html.default\">\n\t\t\t\t\t<svg width=\"48\" height=\"48\" viewBox=\"0 0 24 24\" fill=\"none\" stroke=\"#F2994A\" stroke-width=\"1.4\" stroke-linecap=\"round\" stroke-linejoin=\"round\">\r\n  <path d=\"M6 3h8l4 4v12a2 2 0 0 1-2 2H6a2 2 0 0 1-2-2V5a2 2 0 0 1 2-2z\"\/>\r\n  <path d=\"M14 3v4h4\"\/>\r\n  <path d=\"M8 10h6\"\/>\r\n  <path d=\"M8 13h4\"\/>\r\n  <path d=\"M17 10v6a2 2 0 0 1-4 0V9a1.5 1.5 0 0 1 3 0v6\"\/>\r\n<\/svg>\t\t\t\t<\/div>\n\t\t\t\t<div class=\"elementor-element elementor-element-b66cfe6 elementor-widget-mobile__width-inherit elementor-widget elementor-widget-heading\" data-id=\"b66cfe6\" data-element_type=\"widget\" data-e-type=\"widget\" data-widget_type=\"heading.default\">\n\t\t\t\t\t<h3 class=\"elementor-heading-title elementor-size-default\">R\u1ee7i ro b\u1ecb l\u1eeba \u0111\u1ea3o &amp; h\u1ed7 tr\u1ee3 sau b\u00e1n<\/h3>\t\t\t\t<\/div>\n\t\t\t\t<div class=\"elementor-element elementor-element-4b5e3f2 text elementor-widget elementor-widget-text-editor\" data-id=\"4b5e3f2\" data-element_type=\"widget\" data-e-type=\"widget\" data-widget_type=\"text-editor.default\">\n\t\t\t\t\t\t\t\t\t<p>Kh\u1ea3 n\u0103ng mua nh\u1ea7m v\u00e9 gi\u1ea3 khi giao d\u1ecbch v\u1edbi \u0111\u1ea1i l\u00fd kh\u00f4ng uy t\u00edn<\/p><p>Lo ng\u1ea1i chuy\u1ebfn bay b\u1ecb delay, \u0111\u1eb7c bi\u1ec7t v\u1edbi Vietjet, c\u1ea7n \u0111\u01b0\u1ee3c c\u1eadp nh\u1eadt li\u00ean t\u1ee5c<\/p><p>Kh\u00f3 t\u1ef1 tra c\u1ee9u, thay \u0111\u1ed5i ho\u1eb7c ho\u00e0n hu\u1ef7 v\u00e9 do ch\u00ednh s\u00e1ch m\u1ed7i h\u00e3ng kh\u00e1c nhau<\/p>\t\t\t\t\t\t\t\t<\/div>\n\t\t\t\t<\/div>\n\t\t<div class=\"elementor-element elementor-element-dd1df02 e-con-full e-flex e-con e-child\" data-id=\"dd1df02\" data-element_type=\"container\" data-e-type=\"container\">\n\t\t\t\t<div class=\"elementor-element elementor-element-52693b6 icon-box elementor-widget elementor-widget-html\" data-id=\"52693b6\" data-element_type=\"widget\" data-e-type=\"widget\" data-widget_type=\"html.default\">\n\t\t\t\t\t<svg width=\"48\" height=\"48\" viewBox=\"0 0 24 24\" fill=\"none\" stroke=\"#EB4C8B\" stroke-width=\"1.4\" stroke-linecap=\"round\" stroke-linejoin=\"round\">\r\n  <path d=\"M6 3h8l4 4v12a2 2 0 0 1-2 2H6a2 2 0 0 1-2-2V5a2 2 0 0 1 2-2z\"\/>\r\n  <path d=\"M14 3v4h4\"\/>\r\n  <path d=\"M8 10h6\"\/>\r\n  <path d=\"M8 13h4\"\/>\r\n  <path d=\"M9 17l2 2 4-4\"\/>\r\n<\/svg>\t\t\t\t<\/div>\n\t\t\t\t<div class=\"elementor-element elementor-element-fc38f50 elementor-widget-mobile__width-inherit elementor-widget elementor-widget-heading\" data-id=\"fc38f50\" data-element_type=\"widget\" data-e-type=\"widget\" data-widget_type=\"heading.default\">\n\t\t\t\t\t<h3 class=\"elementor-heading-title elementor-size-default\">Tr\u1ea3i nghi\u1ec7m d\u1ecbch v\u1ee5 &amp; th\u00f4ng tin<\/h3>\t\t\t\t<\/div>\n\t\t\t\t<div class=\"elementor-element elementor-element-b56951d text elementor-widget elementor-widget-text-editor\" data-id=\"b56951d\" data-element_type=\"widget\" data-e-type=\"widget\" data-widget_type=\"text-editor.default\">\n\t\t\t\t\t\t\t\t\t<p>Thi\u1ebfu h\u01b0\u1edbng d\u1eabn v\u1ec1 gi\u1ea5y t\u1edd l\u00ean m\u00e1y bay, d\u1eabn t\u1edbi \u201cc\u00f3 v\u00e9 nh\u01b0ng kh\u00f4ng bay \u0111\u01b0\u1ee3c\u201d<\/p><p>Quy tr\u00ecnh h\u1ed7 tr\u1ee3 kh\u00e1ch ch\u1eadm, nh\u00e2n vi\u00ean thi\u1ebfu ki\u1ebfn th\u1ee9c<\/p><p>D\u1ecbch v\u1ee5 kh\u00e1ch h\u00e0ng tr\u01b0\u1edbc, trong v\u00e0 sau b\u00e1n qu\u00e1 th\u1ea5t v\u1ecdng<\/p>\t\t\t\t\t\t\t\t<\/div>\n\t\t\t\t<\/div>\n\t\t\t\t<\/div>\n\t\t\t\t\t<\/div>\n\t\t\t\t<\/div>\n\t\t<div class=\"elementor-element elementor-element-3910465 e-flex e-con-boxed e-con e-parent\" data-id=\"3910465\" data-element_type=\"container\" data-e-type=\"container\" id=\"vemaybay\" data-settings=\"{&quot;background_background&quot;:&quot;classic&quot;}\">\n\t\t\t\t\t<div class=\"e-con-inner\">\n\t\t\t\t<div class=\"elementor-element elementor-element-4b7bf88 elementor-widget-mobile__width-inherit elementor-widget elementor-widget-heading\" data-id=\"4b7bf88\" data-element_type=\"widget\" data-e-type=\"widget\" data-widget_type=\"heading.default\">\n\t\t\t\t\t<h2 class=\"elementor-heading-title elementor-size-default\">Li\u00ean H\u1ec7 T\u01b0 V\u1ea5n \u2013 Mua V\u00e9<\/h2>\t\t\t\t<\/div>\n\t\t\t\t<div class=\"elementor-element elementor-element-d0a0697 elementor-widget-mobile__width-inherit elementor-widget elementor-widget-heading\" data-id=\"d0a0697\" data-element_type=\"widget\" data-e-type=\"widget\" data-widget_type=\"heading.default\">\n\t\t\t\t\t<p class=\"elementor-heading-title elementor-size-default\">Ch\u00fang t\u00f4i s\u1ebd li\u00ean h\u1ec7 v\u1edbi b\u1ea1n s\u1edbm nh\u1ea5t<\/p>\t\t\t\t<\/div>\n\t\t<div class=\"elementor-element elementor-element-11e25ce e-con-full e-flex e-con e-child\" data-id=\"11e25ce\" data-element_type=\"container\" data-e-type=\"container\" data-settings=\"{&quot;background_background&quot;:&quot;classic&quot;}\">\n\t\t\t\t<div class=\"elementor-element elementor-element-918e8f8 elementor-button-align-center elementor-widget__width-inherit elementor-widget elementor-widget-form\" data-id=\"918e8f8\" data-element_type=\"widget\" data-e-type=\"widget\" data-settings=\"{&quot;step_next_label&quot;:&quot;Next&quot;,&quot;step_previous_label&quot;:&quot;Previous&quot;,&quot;button_width&quot;:&quot;100&quot;,&quot;step_type&quot;:&quot;number_text&quot;,&quot;step_icon_shape&quot;:&quot;circle&quot;}\" data-widget_type=\"form.default\">\n\t\t\t\t\t\t\t<form class=\"elementor-form\" method=\"post\" name=\"New Form\" aria-label=\"New Form\">\n\t\t\t<input type=\"hidden\" name=\"post_id\" value=\"24\"\/>\n\t\t\t<input type=\"hidden\" name=\"form_id\" value=\"918e8f8\"\/>\n\t\t\t<input type=\"hidden\" name=\"referer_title\" value=\"V\u00e9 m\u00e1y bay - C\u00f4ng Ty C\u1ed5 Ph\u1ea7n VPS Global\" \/>\n\n\t\t\t\t\t\t\t<input type=\"hidden\" name=\"queried_id\" value=\"24\"\/>\n\t\t\t\n\t\t\t<div class=\"elementor-form-fields-wrapper elementor-labels-above\">\n\t\t\t\t\t\t\t\t<div class=\"elementor-field-type-text elementor-field-group elementor-column elementor-field-group-name elementor-col-50 elementor-field-required elementor-mark-required\">\n\t\t\t\t\t\t\t\t\t\t\t\t<label for=\"form-field-name\" class=\"elementor-field-label\">\n\t\t\t\t\t\t\t\tH\u1ecd v\u00e0 t\u00ean\t\t\t\t\t\t\t<\/label>\n\t\t\t\t\t\t\t\t\t\t\t\t\t\t<input size=\"1\" type=\"text\" name=\"form_fields[name]\" id=\"form-field-name\" class=\"elementor-field elementor-size-sm  elementor-field-textual\" placeholder=\"Nh\u1eadp h\u1ecd v\u00e0 t\u00ean\" required=\"required\">\n\t\t\t\t\t\t\t\t\t\t\t<\/div>\n\t\t\t\t\t\t\t\t<div class=\"elementor-field-type-tel elementor-field-group elementor-column elementor-field-group-field_7fd52b2 elementor-col-50 elementor-field-required elementor-mark-required\">\n\t\t\t\t\t\t\t\t\t\t\t\t<label for=\"form-field-field_7fd52b2\" class=\"elementor-field-label\">\n\t\t\t\t\t\t\t\tS\u1ed1 \u0111i\u1ec7n tho\u1ea1i\t\t\t\t\t\t\t<\/label>\n\t\t\t\t\t\t\t\t<input size=\"1\" type=\"tel\" name=\"form_fields[field_7fd52b2]\" id=\"form-field-field_7fd52b2\" class=\"elementor-field elementor-size-sm  elementor-field-textual\" placeholder=\"Nh\u1eadp s\u1ed1 \u0111i\u1ec7n tho\u1ea1i\" required=\"required\" pattern=\"[0-9()#&amp;+*-=.]+\" title=\"Only numbers and phone characters (#, -, *, etc) are accepted.\">\n\n\t\t\t\t\t\t<\/div>\n\t\t\t\t\t\t\t\t<div class=\"elementor-field-type-email elementor-field-group elementor-column elementor-field-group-email elementor-col-50 elementor-field-required elementor-mark-required\">\n\t\t\t\t\t\t\t\t\t\t\t\t<label for=\"form-field-email\" class=\"elementor-field-label\">\n\t\t\t\t\t\t\t\tEmail\t\t\t\t\t\t\t<\/label>\n\t\t\t\t\t\t\t\t\t\t\t\t\t\t<input size=\"1\" type=\"email\" name=\"form_fields[email]\" id=\"form-field-email\" class=\"elementor-field elementor-size-sm  elementor-field-textual\" placeholder=\"Nh\u1eadp email\" required=\"required\">\n\t\t\t\t\t\t\t\t\t\t\t<\/div>\n\t\t\t\t\t\t\t\t<div class=\"elementor-field-type-text elementor-field-group elementor-column elementor-field-group-field_b8441f1 elementor-col-50\">\n\t\t\t\t\t\t\t\t\t\t\t\t<label for=\"form-field-field_b8441f1\" class=\"elementor-field-label\">\n\t\t\t\t\t\t\t\t\u0110\u1ecba ch\u1ec9\t\t\t\t\t\t\t<\/label>\n\t\t\t\t\t\t\t\t\t\t\t\t\t\t<input size=\"1\" type=\"text\" name=\"form_fields[field_b8441f1]\" id=\"form-field-field_b8441f1\" class=\"elementor-field elementor-size-sm  elementor-field-textual\" placeholder=\"Nh\u1eadp \u0111\u1ecba ch\u1ec9\">\n\t\t\t\t\t\t\t\t\t\t\t<\/div>\n\t\t\t\t\t\t\t\t<div class=\"elementor-field-type-textarea elementor-field-group elementor-column elementor-field-group-message elementor-col-100\">\n\t\t\t\t\t\t\t\t\t\t\t\t<label for=\"form-field-message\" class=\"elementor-field-label\">\n\t\t\t\t\t\t\t\tN\u1ed9i dung\t\t\t\t\t\t\t<\/label>\n\t\t\t\t\t\t<textarea class=\"elementor-field-textual elementor-field  elementor-size-sm\" name=\"form_fields[message]\" id=\"form-field-message\" rows=\"4\" placeholder=\"Nh\u1eadp n\u1ed9i dung y\u00eau c\u1ea7u c\u1ee7a b\u1ea1n...\"><\/textarea>\t\t\t\t<\/div>\n\t\t\t\t\t\t\t\t<div class=\"elementor-field-group elementor-column elementor-field-type-submit elementor-col-100 e-form__buttons\">\n\t\t\t\t\t<button class=\"elementor-button elementor-size-md\" type=\"submit\">\n\t\t\t\t\t\t<span class=\"elementor-button-content-wrapper\">\n\t\t\t\t\t\t\t\t\t\t\t\t\t\t\t\t\t\t\t\t\t\t<span class=\"elementor-button-text\">\u0110\u0102NG K\u00dd NGAY<\/span>\n\t\t\t\t\t\t\t\t\t\t\t\t\t<\/span>\n\t\t\t\t\t<\/button>\n\t\t\t\t<\/div>\n\t\t\t<\/div>\n\t\t<\/form>\n\t\t\t\t\t\t<\/div>\n\t\t\t\t<\/div>\n\t\t\t\t\t<\/div>\n\t\t\t\t<\/div>\n\t\t\t\t<\/div>\n\t\t","protected":false},"excerpt":{"rendered":"<p>D\u1ecbch v\u1ee5 t\u01b0 v\u1ea5n v\u00e9 m\u00e1y bay t\u1ea1i VPS Global VPS Global gi\u00fap b\u1ea1n mua v\u00e9 tr\u1ef1c ti\u1ebfp an to\u00e0n. H\u1ec7 th\u1ed1ng \u0111\u1eb7t v\u00e9 tr\u00ean website ho\u1ea1t \u0111\u1ed9ng 24\/7, \u0111\u1ed9i ng\u0169 CSKH am hi\u1ec3u h\u1ed7 tr\u1ee3 m\u1ecdi l\u00fac. Ch\u00fang t\u00f4i cam k\u1ebft minh b\u1ea1ch gi\u00e1, \u0111i\u1ec1u kho\u1ea3n, ph\u00ed; thanh to\u00e1n linh ho\u1ea1t qua chuy\u1ec3n kho\u1ea3n, [&hellip;]<\/p>\n","protected":false},"author":1,"featured_media":0,"parent":0,"menu_order":0,"comment_status":"closed","ping_status":"closed","template":"","meta":{"_acf_changed":false,"footnotes":""},"class_list":["post-24","page","type-page","status-publish","hentry"],"acf":[],"_links":{"self":[{"href":"https:\/\/vpsglobal.vn\/travel\/wp-json\/wp\/v2\/pages\/24","targetHints":{"allow":["GET"]}}],"collection":[{"href":"https:\/\/vpsglobal.vn\/travel\/wp-json\/wp\/v2\/pages"}],"about":[{"href":"https:\/\/vpsglobal.vn\/travel\/wp-json\/wp\/v2\/types\/page"}],"author":[{"embeddable":true,"href":"https:\/\/vpsglobal.vn\/travel\/wp-json\/wp\/v2\/users\/1"}],"replies":[{"embeddable":true,"href":"https:\/\/vpsglobal.vn\/travel\/wp-json\/wp\/v2\/comments?post=24"}],"version-history":[{"count":0,"href":"https:\/\/vpsglobal.vn\/travel\/wp-json\/wp\/v2\/pages\/24\/revisions"}],"wp:attachment":[{"href":"https:\/\/vpsglobal.vn\/travel\/wp-json\/wp\/v2\/media?parent=24"}],"curies":[{"name":"wp","href":"https:\/\/api.w.org\/{rel}","templated":true}]}}